{"id":540,"date":"2024-11-08T01:27:10","date_gmt":"2024-11-08T01:27:10","guid":{"rendered":"https:\/\/xintex.mx\/?post_type=product&#038;p=540"},"modified":"2024-11-18T03:14:30","modified_gmt":"2024-11-18T03:14:30","slug":"tpu-thermoplastic-polyurethane","status":"publish","type":"product","link":"https:\/\/xintex.mx\/en\/product\/tpu-thermoplastic-polyurethane\/","title":{"rendered":"TPU &#8211; Thermoplastic Polyurethane"},"content":{"rendered":"<ul>\n<li><strong>Composici\u00f3n:<\/strong> Son elast\u00f3meros termopl\u00e1sticos compuestos por una mezcla de segmentos duros (a base de diisocianatos) y segmentos blandos (poli\u00e9steres o poli\u00e9teres).<\/li>\n<li><strong>Caracter\u00edsticas:<\/strong> Tienen una alta resistencia a la abrasi\u00f3n, buena elasticidad, flexibilidad en un amplio rango de temperaturas y excelente resistencia qu\u00edmica.<\/li>\n<li><strong>Aplicaciones:<\/strong> Usados en la fabricaci\u00f3n de suelas de calzado, cables, mangueras, piezas moldeadas, recubrimientos, y componentes automotrices debido a su durabilidad y capacidad de soportar esfuerzos mec\u00e1nicos.<\/li>\n<\/ul>\n<p><!-- notionvc: b09391eb-7eff-47bd-a133-cf738c3bcef0 --><\/p>","protected":false},"excerpt":{"rendered":"<p>Composici\u00f3n: Son elast\u00f3meros termopl\u00e1sticos compuestos por una mezcla de segmentos duros (a base de diisocianatos) y segmentos blandos (poli\u00e9steres o poli\u00e9teres). Caracter\u00edsticas: Tienen una alta resistencia a la abrasi\u00f3n, buena elasticidad, flexibilidad en un amplio rango de temperaturas y excelente resistencia qu\u00edmica. Aplicaciones: Usados en la fabricaci\u00f3n de suelas de calzado, cables, mangueras, piezas moldeadas, [&hellip;]<\/p>","protected":false},"featured_media":577,"comment_status":"open","ping_status":"closed","template":"","meta":[],"product_cat":[27],"product_tag":[],"class_list":{"0":"post-540","1":"product","2":"type-product","3":"status-publish","4":"has-post-thumbnail","6":"product_cat-termoplasticos","8":"first","9":"instock","10":"shipping-taxable","11":"product-type-simple"},"yoast_head":"<!-- This site is optimized with the Yoast SEO plugin v24.8.1 - https:\/\/yoast.com\/wordpress\/plugins\/seo\/ -->\n<title>TPU - Thermoplastic Polyurethane - Xintex<\/title>\n<meta name=\"robots\" content=\"index, follow, max-snippet:-1, max-image-preview:large, max-video-preview:-1\" \/>\n<link rel=\"canonical\" href=\"https:\/\/xintex.mx\/en\/product\/tpu-thermoplastic-polyurethane\/\" \/>\n<meta property=\"og:locale\" content=\"en_US\" \/>\n<meta property=\"og:type\" content=\"article\" \/>\n<meta property=\"og:title\" content=\"TPU - Thermoplastic Polyurethane - Xintex\" \/>\n<meta property=\"og:description\" content=\"Composici\u00f3n: Son elast\u00f3meros termopl\u00e1sticos compuestos por una mezcla de segmentos duros (a base de diisocianatos) y segmentos blandos (poli\u00e9steres o poli\u00e9teres). Caracter\u00edsticas: Tienen una alta resistencia a la abrasi\u00f3n, buena elasticidad, flexibilidad en un amplio rango de temperaturas y excelente resistencia qu\u00edmica. Aplicaciones: Usados en la fabricaci\u00f3n de suelas de calzado, cables, mangueras, piezas moldeadas, [&hellip;]\" \/>\n<meta property=\"og:url\" content=\"https:\/\/xintex.mx\/en\/product\/tpu-thermoplastic-polyurethane\/\" \/>\n<meta property=\"og:site_name\" content=\"Xintex\" \/>\n<meta property=\"article:modified_time\" content=\"2024-11-18T03:14:30+00:00\" \/>\n<meta property=\"og:image\" content=\"https:\/\/xintex.mx\/wp-content\/uploads\/2024\/11\/imgpsh_fullsize_anim-3-4.png\" \/>\n\t<meta property=\"og:image:width\" content=\"155\" \/>\n\t<meta property=\"og:image:height\" content=\"154\" \/>\n\t<meta property=\"og:image:type\" content=\"image\/png\" \/>\n<meta name=\"twitter:card\" content=\"summary_large_image\" \/>\n<script type=\"application\/ld+json\" class=\"yoast-schema-graph\">{\"@context\":\"https:\/\/schema.org\",\"@graph\":[{\"@type\":\"WebPage\",\"@id\":\"https:\/\/xintex.mx\/product\/tpu-thermoplastic-polyurethane\/\",\"url\":\"https:\/\/xintex.mx\/product\/tpu-thermoplastic-polyurethane\/\",\"name\":\"TPU - Thermoplastic Polyurethane - Xintex\",\"isPartOf\":{\"@id\":\"https:\/\/xintex.mx\/#website\"},\"primaryImageOfPage\":{\"@id\":\"https:\/\/xintex.mx\/product\/tpu-thermoplastic-polyurethane\/#primaryimage\"},\"image\":{\"@id\":\"https:\/\/xintex.mx\/product\/tpu-thermoplastic-polyurethane\/#primaryimage\"},\"thumbnailUrl\":\"https:\/\/xintex.mx\/wp-content\/uploads\/2024\/11\/imgpsh_fullsize_anim-3-4.png\",\"datePublished\":\"2024-11-08T01:27:10+00:00\",\"dateModified\":\"2024-11-18T03:14:30+00:00\",\"breadcrumb\":{\"@id\":\"https:\/\/xintex.mx\/product\/tpu-thermoplastic-polyurethane\/#breadcrumb\"},\"inLanguage\":\"en-US\",\"potentialAction\":[{\"@type\":\"ReadAction\",\"target\":[\"https:\/\/xintex.mx\/product\/tpu-thermoplastic-polyurethane\/\"]}]},{\"@type\":\"ImageObject\",\"inLanguage\":\"en-US\",\"@id\":\"https:\/\/xintex.mx\/product\/tpu-thermoplastic-polyurethane\/#primaryimage\",\"url\":\"https:\/\/xintex.mx\/wp-content\/uploads\/2024\/11\/imgpsh_fullsize_anim-3-4.png\",\"contentUrl\":\"https:\/\/xintex.mx\/wp-content\/uploads\/2024\/11\/imgpsh_fullsize_anim-3-4.png\",\"width\":155,\"height\":154},{\"@type\":\"BreadcrumbList\",\"@id\":\"https:\/\/xintex.mx\/product\/tpu-thermoplastic-polyurethane\/#breadcrumb\",\"itemListElement\":[{\"@type\":\"ListItem\",\"position\":1,\"name\":\"Inicio\",\"item\":\"https:\/\/xintex.mx\/\"},{\"@type\":\"ListItem\",\"position\":2,\"name\":\"Shop\",\"item\":\"https:\/\/xintex.mx\/shop\/\"},{\"@type\":\"ListItem\",\"position\":3,\"name\":\"TPU &#8211; Thermoplastic Polyurethane\"}]},{\"@type\":\"WebSite\",\"@id\":\"https:\/\/xintex.mx\/#website\",\"url\":\"https:\/\/xintex.mx\/\",\"name\":\"Xintex\",\"description\":\"\",\"publisher\":{\"@id\":\"https:\/\/xintex.mx\/#organization\"},\"potentialAction\":[{\"@type\":\"SearchAction\",\"target\":{\"@type\":\"EntryPoint\",\"urlTemplate\":\"https:\/\/xintex.mx\/?s={search_term_string}\"},\"query-input\":{\"@type\":\"PropertyValueSpecification\",\"valueRequired\":true,\"valueName\":\"search_term_string\"}}],\"inLanguage\":\"en-US\"},{\"@type\":\"Organization\",\"@id\":\"https:\/\/xintex.mx\/#organization\",\"name\":\"Xintex\",\"url\":\"https:\/\/xintex.mx\/\",\"logo\":{\"@type\":\"ImageObject\",\"inLanguage\":\"en-US\",\"@id\":\"https:\/\/xintex.mx\/#\/schema\/logo\/image\/\",\"url\":\"https:\/\/xintex.mx\/wp-content\/uploads\/2024\/11\/transaprent_logo02-e1730952660911.png\",\"contentUrl\":\"https:\/\/xintex.mx\/wp-content\/uploads\/2024\/11\/transaprent_logo02-e1730952660911.png\",\"width\":3361,\"height\":1840,\"caption\":\"Xintex\"},\"image\":{\"@id\":\"https:\/\/xintex.mx\/#\/schema\/logo\/image\/\"}}]}<\/script>\n<!-- \/ Yoast SEO plugin. -->","yoast_head_json":{"title":"TPU - Thermoplastic Polyurethane - Xintex","robots":{"index":"index","follow":"follow","max-snippet":"max-snippet:-1","max-image-preview":"max-image-preview:large","max-video-preview":"max-video-preview:-1"},"canonical":"https:\/\/xintex.mx\/en\/product\/tpu-thermoplastic-polyurethane\/","og_locale":"en_US","og_type":"article","og_title":"TPU - Thermoplastic Polyurethane - Xintex","og_description":"Composici\u00f3n: Son elast\u00f3meros termopl\u00e1sticos compuestos por una mezcla de segmentos duros (a base de diisocianatos) y segmentos blandos (poli\u00e9steres o poli\u00e9teres). Caracter\u00edsticas: Tienen una alta resistencia a la abrasi\u00f3n, buena elasticidad, flexibilidad en un amplio rango de temperaturas y excelente resistencia qu\u00edmica. Aplicaciones: Usados en la fabricaci\u00f3n de suelas de calzado, cables, mangueras, piezas moldeadas, [&hellip;]","og_url":"https:\/\/xintex.mx\/en\/product\/tpu-thermoplastic-polyurethane\/","og_site_name":"Xintex","article_modified_time":"2024-11-18T03:14:30+00:00","og_image":[{"width":155,"height":154,"url":"https:\/\/xintex.mx\/wp-content\/uploads\/2024\/11\/imgpsh_fullsize_anim-3-4.png","type":"image\/png"}],"twitter_card":"summary_large_image","schema":{"@context":"https:\/\/schema.org","@graph":[{"@type":"WebPage","@id":"https:\/\/xintex.mx\/product\/tpu-thermoplastic-polyurethane\/","url":"https:\/\/xintex.mx\/product\/tpu-thermoplastic-polyurethane\/","name":"TPU - Thermoplastic Polyurethane - Xintex","isPartOf":{"@id":"https:\/\/xintex.mx\/#website"},"primaryImageOfPage":{"@id":"https:\/\/xintex.mx\/product\/tpu-thermoplastic-polyurethane\/#primaryimage"},"image":{"@id":"https:\/\/xintex.mx\/product\/tpu-thermoplastic-polyurethane\/#primaryimage"},"thumbnailUrl":"https:\/\/xintex.mx\/wp-content\/uploads\/2024\/11\/imgpsh_fullsize_anim-3-4.png","datePublished":"2024-11-08T01:27:10+00:00","dateModified":"2024-11-18T03:14:30+00:00","breadcrumb":{"@id":"https:\/\/xintex.mx\/product\/tpu-thermoplastic-polyurethane\/#breadcrumb"},"inLanguage":"en-US","potentialAction":[{"@type":"ReadAction","target":["https:\/\/xintex.mx\/product\/tpu-thermoplastic-polyurethane\/"]}]},{"@type":"ImageObject","inLanguage":"en-US","@id":"https:\/\/xintex.mx\/product\/tpu-thermoplastic-polyurethane\/#primaryimage","url":"https:\/\/xintex.mx\/wp-content\/uploads\/2024\/11\/imgpsh_fullsize_anim-3-4.png","contentUrl":"https:\/\/xintex.mx\/wp-content\/uploads\/2024\/11\/imgpsh_fullsize_anim-3-4.png","width":155,"height":154},{"@type":"BreadcrumbList","@id":"https:\/\/xintex.mx\/product\/tpu-thermoplastic-polyurethane\/#breadcrumb","itemListElement":[{"@type":"ListItem","position":1,"name":"Inicio","item":"https:\/\/xintex.mx\/"},{"@type":"ListItem","position":2,"name":"Shop","item":"https:\/\/xintex.mx\/shop\/"},{"@type":"ListItem","position":3,"name":"TPU &#8211; Thermoplastic Polyurethane"}]},{"@type":"WebSite","@id":"https:\/\/xintex.mx\/#website","url":"https:\/\/xintex.mx\/","name":"Xintex","description":"","publisher":{"@id":"https:\/\/xintex.mx\/#organization"},"potentialAction":[{"@type":"SearchAction","target":{"@type":"EntryPoint","urlTemplate":"https:\/\/xintex.mx\/?s={search_term_string}"},"query-input":{"@type":"PropertyValueSpecification","valueRequired":true,"valueName":"search_term_string"}}],"inLanguage":"en-US"},{"@type":"Organization","@id":"https:\/\/xintex.mx\/#organization","name":"Xintex","url":"https:\/\/xintex.mx\/","logo":{"@type":"ImageObject","inLanguage":"en-US","@id":"https:\/\/xintex.mx\/#\/schema\/logo\/image\/","url":"https:\/\/xintex.mx\/wp-content\/uploads\/2024\/11\/transaprent_logo02-e1730952660911.png","contentUrl":"https:\/\/xintex.mx\/wp-content\/uploads\/2024\/11\/transaprent_logo02-e1730952660911.png","width":3361,"height":1840,"caption":"Xintex"},"image":{"@id":"https:\/\/xintex.mx\/#\/schema\/logo\/image\/"}}]}},"_links":{"self":[{"href":"https:\/\/xintex.mx\/en\/wp-json\/wp\/v2\/product\/540","targetHints":{"allow":["GET"]}}],"collection":[{"href":"https:\/\/xintex.mx\/en\/wp-json\/wp\/v2\/product"}],"about":[{"href":"https:\/\/xintex.mx\/en\/wp-json\/wp\/v2\/types\/product"}],"replies":[{"embeddable":true,"href":"https:\/\/xintex.mx\/en\/wp-json\/wp\/v2\/comments?post=540"}],"wp:featuredmedia":[{"embeddable":true,"href":"https:\/\/xintex.mx\/en\/wp-json\/wp\/v2\/media\/577"}],"wp:attachment":[{"href":"https:\/\/xintex.mx\/en\/wp-json\/wp\/v2\/media?parent=540"}],"wp:term":[{"taxonomy":"product_cat","embeddable":true,"href":"https:\/\/xintex.mx\/en\/wp-json\/wp\/v2\/product_cat?post=540"},{"taxonomy":"product_tag","embeddable":true,"href":"https:\/\/xintex.mx\/en\/wp-json\/wp\/v2\/product_tag?post=540"}],"curies":[{"name":"wp","href":"https:\/\/api.w.org\/{rel}","templated":true}]}}