{"id":543,"date":"2024-11-08T01:30:08","date_gmt":"2024-11-08T01:30:08","guid":{"rendered":"https:\/\/xintex.mx\/?post_type=product&#038;p=543"},"modified":"2024-11-21T05:33:43","modified_gmt":"2024-11-21T05:33:43","slug":"tps-almidon-termoplastico","status":"publish","type":"product","link":"https:\/\/xintex.mx\/en\/product\/tps-almidon-termoplastico\/","title":{"rendered":"TPS (Almid\u00f3n Termopl\u00e1stico)"},"content":{"rendered":"<ul>\n<li>Un pol\u00edmero biodegradable y compostable derivado del \u00e1cido succ\u00ednico y 1,4-butanodiol.<\/li>\n<li>Ofrece buena resistencia t\u00e9rmica, flexibilidad y propiedades mec\u00e1nicas similares a los pl\u00e1sticos convencionales, lo que lo hace adecuado para aplicaciones en embalaje, agricultura y productos desechables.<\/li>\n<\/ul>\n<p><!-- notionvc: bb320be0-a972-4a53-8c5c-7eb677738d71 --><\/p>","protected":false},"excerpt":{"rendered":"<p>Un pol\u00edmero biodegradable y compostable derivado del \u00e1cido succ\u00ednico y 1,4-butanodiol. Ofrece buena resistencia t\u00e9rmica, flexibilidad y propiedades mec\u00e1nicas similares a los pl\u00e1sticos convencionales, lo que lo hace adecuado para aplicaciones en embalaje, agricultura y productos desechables.<\/p>","protected":false},"featured_media":574,"comment_status":"open","ping_status":"closed","template":"","meta":[],"product_cat":[28],"product_tag":[],"class_list":{"0":"post-543","1":"product","2":"type-product","3":"status-publish","4":"has-post-thumbnail","6":"product_cat-bioplasticos","8":"first","9":"instock","10":"shipping-taxable","11":"product-type-simple"},"yoast_head":"<!-- This site is optimized with the Yoast SEO plugin v24.8.1 - https:\/\/yoast.com\/wordpress\/plugins\/seo\/ -->\n<title>TPS (Almid\u00f3n Termopl\u00e1stico) - Xintex<\/title>\n<meta name=\"robots\" content=\"index, follow, max-snippet:-1, max-image-preview:large, max-video-preview:-1\" \/>\n<link rel=\"canonical\" href=\"https:\/\/xintex.mx\/en\/product\/tps-almidon-termoplastico\/\" \/>\n<meta property=\"og:locale\" content=\"en_US\" \/>\n<meta property=\"og:type\" content=\"article\" \/>\n<meta property=\"og:title\" content=\"TPS (Almid\u00f3n Termopl\u00e1stico) - Xintex\" \/>\n<meta property=\"og:description\" content=\"Un pol\u00edmero biodegradable y compostable derivado del \u00e1cido succ\u00ednico y 1,4-butanodiol. Ofrece buena resistencia t\u00e9rmica, flexibilidad y propiedades mec\u00e1nicas similares a los pl\u00e1sticos convencionales, lo que lo hace adecuado para aplicaciones en embalaje, agricultura y productos desechables.\" \/>\n<meta property=\"og:url\" content=\"https:\/\/xintex.mx\/en\/product\/tps-almidon-termoplastico\/\" \/>\n<meta property=\"og:site_name\" content=\"Xintex\" \/>\n<meta property=\"article:modified_time\" content=\"2024-11-21T05:33:43+00:00\" \/>\n<meta property=\"og:image\" content=\"https:\/\/xintex.mx\/wp-content\/uploads\/2024\/11\/imgpsh_fullsize_anim-3-2.png\" \/>\n\t<meta property=\"og:image:width\" content=\"155\" \/>\n\t<meta property=\"og:image:height\" content=\"154\" \/>\n\t<meta property=\"og:image:type\" content=\"image\/png\" \/>\n<meta name=\"twitter:card\" content=\"summary_large_image\" \/>\n<script type=\"application\/ld+json\" class=\"yoast-schema-graph\">{\"@context\":\"https:\/\/schema.org\",\"@graph\":[{\"@type\":\"WebPage\",\"@id\":\"https:\/\/xintex.mx\/product\/tps-almidon-termoplastico\/\",\"url\":\"https:\/\/xintex.mx\/product\/tps-almidon-termoplastico\/\",\"name\":\"TPS (Almid\u00f3n Termopl\u00e1stico) - Xintex\",\"isPartOf\":{\"@id\":\"https:\/\/xintex.mx\/#website\"},\"primaryImageOfPage\":{\"@id\":\"https:\/\/xintex.mx\/product\/tps-almidon-termoplastico\/#primaryimage\"},\"image\":{\"@id\":\"https:\/\/xintex.mx\/product\/tps-almidon-termoplastico\/#primaryimage\"},\"thumbnailUrl\":\"https:\/\/xintex.mx\/wp-content\/uploads\/2024\/11\/imgpsh_fullsize_anim-3-2.png\",\"datePublished\":\"2024-11-08T01:30:08+00:00\",\"dateModified\":\"2024-11-21T05:33:43+00:00\",\"breadcrumb\":{\"@id\":\"https:\/\/xintex.mx\/product\/tps-almidon-termoplastico\/#breadcrumb\"},\"inLanguage\":\"en-US\",\"potentialAction\":[{\"@type\":\"ReadAction\",\"target\":[\"https:\/\/xintex.mx\/product\/tps-almidon-termoplastico\/\"]}]},{\"@type\":\"ImageObject\",\"inLanguage\":\"en-US\",\"@id\":\"https:\/\/xintex.mx\/product\/tps-almidon-termoplastico\/#primaryimage\",\"url\":\"https:\/\/xintex.mx\/wp-content\/uploads\/2024\/11\/imgpsh_fullsize_anim-3-2.png\",\"contentUrl\":\"https:\/\/xintex.mx\/wp-content\/uploads\/2024\/11\/imgpsh_fullsize_anim-3-2.png\",\"width\":155,\"height\":154},{\"@type\":\"BreadcrumbList\",\"@id\":\"https:\/\/xintex.mx\/product\/tps-almidon-termoplastico\/#breadcrumb\",\"itemListElement\":[{\"@type\":\"ListItem\",\"position\":1,\"name\":\"Inicio\",\"item\":\"https:\/\/xintex.mx\/\"},{\"@type\":\"ListItem\",\"position\":2,\"name\":\"Shop\",\"item\":\"https:\/\/xintex.mx\/shop\/\"},{\"@type\":\"ListItem\",\"position\":3,\"name\":\"TPS (Almid\u00f3n Termopl\u00e1stico)\"}]},{\"@type\":\"WebSite\",\"@id\":\"https:\/\/xintex.mx\/#website\",\"url\":\"https:\/\/xintex.mx\/\",\"name\":\"Xintex\",\"description\":\"\",\"publisher\":{\"@id\":\"https:\/\/xintex.mx\/#organization\"},\"potentialAction\":[{\"@type\":\"SearchAction\",\"target\":{\"@type\":\"EntryPoint\",\"urlTemplate\":\"https:\/\/xintex.mx\/?s={search_term_string}\"},\"query-input\":{\"@type\":\"PropertyValueSpecification\",\"valueRequired\":true,\"valueName\":\"search_term_string\"}}],\"inLanguage\":\"en-US\"},{\"@type\":\"Organization\",\"@id\":\"https:\/\/xintex.mx\/#organization\",\"name\":\"Xintex\",\"url\":\"https:\/\/xintex.mx\/\",\"logo\":{\"@type\":\"ImageObject\",\"inLanguage\":\"en-US\",\"@id\":\"https:\/\/xintex.mx\/#\/schema\/logo\/image\/\",\"url\":\"https:\/\/xintex.mx\/wp-content\/uploads\/2024\/11\/transaprent_logo02-e1730952660911.png\",\"contentUrl\":\"https:\/\/xintex.mx\/wp-content\/uploads\/2024\/11\/transaprent_logo02-e1730952660911.png\",\"width\":3361,\"height\":1840,\"caption\":\"Xintex\"},\"image\":{\"@id\":\"https:\/\/xintex.mx\/#\/schema\/logo\/image\/\"}}]}<\/script>\n<!-- \/ Yoast SEO plugin. -->","yoast_head_json":{"title":"TPS (Almid\u00f3n Termopl\u00e1stico) - Xintex","robots":{"index":"index","follow":"follow","max-snippet":"max-snippet:-1","max-image-preview":"max-image-preview:large","max-video-preview":"max-video-preview:-1"},"canonical":"https:\/\/xintex.mx\/en\/product\/tps-almidon-termoplastico\/","og_locale":"en_US","og_type":"article","og_title":"TPS (Almid\u00f3n Termopl\u00e1stico) - Xintex","og_description":"Un pol\u00edmero biodegradable y compostable derivado del \u00e1cido succ\u00ednico y 1,4-butanodiol. Ofrece buena resistencia t\u00e9rmica, flexibilidad y propiedades mec\u00e1nicas similares a los pl\u00e1sticos convencionales, lo que lo hace adecuado para aplicaciones en embalaje, agricultura y productos desechables.","og_url":"https:\/\/xintex.mx\/en\/product\/tps-almidon-termoplastico\/","og_site_name":"Xintex","article_modified_time":"2024-11-21T05:33:43+00:00","og_image":[{"width":155,"height":154,"url":"https:\/\/xintex.mx\/wp-content\/uploads\/2024\/11\/imgpsh_fullsize_anim-3-2.png","type":"image\/png"}],"twitter_card":"summary_large_image","schema":{"@context":"https:\/\/schema.org","@graph":[{"@type":"WebPage","@id":"https:\/\/xintex.mx\/product\/tps-almidon-termoplastico\/","url":"https:\/\/xintex.mx\/product\/tps-almidon-termoplastico\/","name":"TPS (Almid\u00f3n Termopl\u00e1stico) - Xintex","isPartOf":{"@id":"https:\/\/xintex.mx\/#website"},"primaryImageOfPage":{"@id":"https:\/\/xintex.mx\/product\/tps-almidon-termoplastico\/#primaryimage"},"image":{"@id":"https:\/\/xintex.mx\/product\/tps-almidon-termoplastico\/#primaryimage"},"thumbnailUrl":"https:\/\/xintex.mx\/wp-content\/uploads\/2024\/11\/imgpsh_fullsize_anim-3-2.png","datePublished":"2024-11-08T01:30:08+00:00","dateModified":"2024-11-21T05:33:43+00:00","breadcrumb":{"@id":"https:\/\/xintex.mx\/product\/tps-almidon-termoplastico\/#breadcrumb"},"inLanguage":"en-US","potentialAction":[{"@type":"ReadAction","target":["https:\/\/xintex.mx\/product\/tps-almidon-termoplastico\/"]}]},{"@type":"ImageObject","inLanguage":"en-US","@id":"https:\/\/xintex.mx\/product\/tps-almidon-termoplastico\/#primaryimage","url":"https:\/\/xintex.mx\/wp-content\/uploads\/2024\/11\/imgpsh_fullsize_anim-3-2.png","contentUrl":"https:\/\/xintex.mx\/wp-content\/uploads\/2024\/11\/imgpsh_fullsize_anim-3-2.png","width":155,"height":154},{"@type":"BreadcrumbList","@id":"https:\/\/xintex.mx\/product\/tps-almidon-termoplastico\/#breadcrumb","itemListElement":[{"@type":"ListItem","position":1,"name":"Inicio","item":"https:\/\/xintex.mx\/"},{"@type":"ListItem","position":2,"name":"Shop","item":"https:\/\/xintex.mx\/shop\/"},{"@type":"ListItem","position":3,"name":"TPS (Almid\u00f3n Termopl\u00e1stico)"}]},{"@type":"WebSite","@id":"https:\/\/xintex.mx\/#website","url":"https:\/\/xintex.mx\/","name":"Xintex","description":"","publisher":{"@id":"https:\/\/xintex.mx\/#organization"},"potentialAction":[{"@type":"SearchAction","target":{"@type":"EntryPoint","urlTemplate":"https:\/\/xintex.mx\/?s={search_term_string}"},"query-input":{"@type":"PropertyValueSpecification","valueRequired":true,"valueName":"search_term_string"}}],"inLanguage":"en-US"},{"@type":"Organization","@id":"https:\/\/xintex.mx\/#organization","name":"Xintex","url":"https:\/\/xintex.mx\/","logo":{"@type":"ImageObject","inLanguage":"en-US","@id":"https:\/\/xintex.mx\/#\/schema\/logo\/image\/","url":"https:\/\/xintex.mx\/wp-content\/uploads\/2024\/11\/transaprent_logo02-e1730952660911.png","contentUrl":"https:\/\/xintex.mx\/wp-content\/uploads\/2024\/11\/transaprent_logo02-e1730952660911.png","width":3361,"height":1840,"caption":"Xintex"},"image":{"@id":"https:\/\/xintex.mx\/#\/schema\/logo\/image\/"}}]}},"_links":{"self":[{"href":"https:\/\/xintex.mx\/en\/wp-json\/wp\/v2\/product\/543","targetHints":{"allow":["GET"]}}],"collection":[{"href":"https:\/\/xintex.mx\/en\/wp-json\/wp\/v2\/product"}],"about":[{"href":"https:\/\/xintex.mx\/en\/wp-json\/wp\/v2\/types\/product"}],"replies":[{"embeddable":true,"href":"https:\/\/xintex.mx\/en\/wp-json\/wp\/v2\/comments?post=543"}],"wp:featuredmedia":[{"embeddable":true,"href":"https:\/\/xintex.mx\/en\/wp-json\/wp\/v2\/media\/574"}],"wp:attachment":[{"href":"https:\/\/xintex.mx\/en\/wp-json\/wp\/v2\/media?parent=543"}],"wp:term":[{"taxonomy":"product_cat","embeddable":true,"href":"https:\/\/xintex.mx\/en\/wp-json\/wp\/v2\/product_cat?post=543"},{"taxonomy":"product_tag","embeddable":true,"href":"https:\/\/xintex.mx\/en\/wp-json\/wp\/v2\/product_tag?post=543"}],"curies":[{"name":"wp","href":"https:\/\/api.w.org\/{rel}","templated":true}]}}