{"id":972,"date":"2024-11-16T04:19:21","date_gmt":"2024-11-16T04:19:21","guid":{"rendered":"https:\/\/xintex.mx\/?post_type=product&#038;p=972"},"modified":"2024-11-16T05:06:14","modified_gmt":"2024-11-16T05:06:14","slug":"tipa","status":"publish","type":"product","link":"https:\/\/xintex.mx\/en\/product\/tipa\/","title":{"rendered":"TIPA"},"content":{"rendered":"<p>&#8216;Triisopropanolamina&#8217;, un producto qu\u00edmico vers\u00e1til que se utiliza a menudo como ayuda para la molienda en la producci\u00f3n de cemento y como agente neutralizante en detergentes y surfactantes.<\/p>","protected":false},"excerpt":{"rendered":"<p>&#8216;Triisopropanolamina&#8217;, un producto qu\u00edmico vers\u00e1til que se utiliza a menudo como ayuda para la molienda en la producci\u00f3n de cemento y como agente neutralizante en detergentes y surfactantes.<\/p>","protected":false},"featured_media":580,"comment_status":"open","ping_status":"closed","template":"","meta":[],"product_cat":[33],"product_tag":[],"class_list":{"0":"post-972","1":"product","2":"type-product","3":"status-publish","4":"has-post-thumbnail","6":"product_cat-aditivos-y-otros","8":"first","9":"instock","10":"shipping-taxable","11":"product-type-simple"},"yoast_head":"<!-- This site is optimized with the Yoast SEO plugin v24.8.1 - https:\/\/yoast.com\/wordpress\/plugins\/seo\/ -->\n<title>TIPA - Xintex<\/title>\n<meta name=\"robots\" content=\"index, follow, max-snippet:-1, max-image-preview:large, max-video-preview:-1\" \/>\n<link rel=\"canonical\" href=\"https:\/\/xintex.mx\/en\/product\/tipa\/\" \/>\n<meta property=\"og:locale\" content=\"en_US\" \/>\n<meta property=\"og:type\" content=\"article\" \/>\n<meta property=\"og:title\" content=\"TIPA - Xintex\" \/>\n<meta property=\"og:description\" content=\"&#8216;Triisopropanolamina&#8217;, un producto qu\u00edmico vers\u00e1til que se utiliza a menudo como ayuda para la molienda en la producci\u00f3n de cemento y como agente neutralizante en detergentes y surfactantes.\" \/>\n<meta property=\"og:url\" content=\"https:\/\/xintex.mx\/en\/product\/tipa\/\" \/>\n<meta property=\"og:site_name\" content=\"Xintex\" \/>\n<meta property=\"article:modified_time\" content=\"2024-11-16T05:06:14+00:00\" \/>\n<meta property=\"og:image\" content=\"https:\/\/xintex.mx\/wp-content\/uploads\/2024\/11\/imgpsh_fullsize_anim-3-5.png\" \/>\n\t<meta property=\"og:image:width\" content=\"155\" \/>\n\t<meta property=\"og:image:height\" content=\"154\" \/>\n\t<meta property=\"og:image:type\" content=\"image\/png\" \/>\n<meta name=\"twitter:card\" content=\"summary_large_image\" \/>\n<script type=\"application\/ld+json\" class=\"yoast-schema-graph\">{\"@context\":\"https:\/\/schema.org\",\"@graph\":[{\"@type\":\"WebPage\",\"@id\":\"https:\/\/xintex.mx\/product\/tipa\/\",\"url\":\"https:\/\/xintex.mx\/product\/tipa\/\",\"name\":\"TIPA - Xintex\",\"isPartOf\":{\"@id\":\"https:\/\/xintex.mx\/#website\"},\"primaryImageOfPage\":{\"@id\":\"https:\/\/xintex.mx\/product\/tipa\/#primaryimage\"},\"image\":{\"@id\":\"https:\/\/xintex.mx\/product\/tipa\/#primaryimage\"},\"thumbnailUrl\":\"https:\/\/xintex.mx\/wp-content\/uploads\/2024\/11\/imgpsh_fullsize_anim-3-5.png\",\"datePublished\":\"2024-11-16T04:19:21+00:00\",\"dateModified\":\"2024-11-16T05:06:14+00:00\",\"breadcrumb\":{\"@id\":\"https:\/\/xintex.mx\/product\/tipa\/#breadcrumb\"},\"inLanguage\":\"en-US\",\"potentialAction\":[{\"@type\":\"ReadAction\",\"target\":[\"https:\/\/xintex.mx\/product\/tipa\/\"]}]},{\"@type\":\"ImageObject\",\"inLanguage\":\"en-US\",\"@id\":\"https:\/\/xintex.mx\/product\/tipa\/#primaryimage\",\"url\":\"https:\/\/xintex.mx\/wp-content\/uploads\/2024\/11\/imgpsh_fullsize_anim-3-5.png\",\"contentUrl\":\"https:\/\/xintex.mx\/wp-content\/uploads\/2024\/11\/imgpsh_fullsize_anim-3-5.png\",\"width\":155,\"height\":154},{\"@type\":\"BreadcrumbList\",\"@id\":\"https:\/\/xintex.mx\/product\/tipa\/#breadcrumb\",\"itemListElement\":[{\"@type\":\"ListItem\",\"position\":1,\"name\":\"Inicio\",\"item\":\"https:\/\/xintex.mx\/\"},{\"@type\":\"ListItem\",\"position\":2,\"name\":\"Shop\",\"item\":\"https:\/\/xintex.mx\/shop\/\"},{\"@type\":\"ListItem\",\"position\":3,\"name\":\"TIPA\"}]},{\"@type\":\"WebSite\",\"@id\":\"https:\/\/xintex.mx\/#website\",\"url\":\"https:\/\/xintex.mx\/\",\"name\":\"Xintex\",\"description\":\"\",\"publisher\":{\"@id\":\"https:\/\/xintex.mx\/#organization\"},\"potentialAction\":[{\"@type\":\"SearchAction\",\"target\":{\"@type\":\"EntryPoint\",\"urlTemplate\":\"https:\/\/xintex.mx\/?s={search_term_string}\"},\"query-input\":{\"@type\":\"PropertyValueSpecification\",\"valueRequired\":true,\"valueName\":\"search_term_string\"}}],\"inLanguage\":\"en-US\"},{\"@type\":\"Organization\",\"@id\":\"https:\/\/xintex.mx\/#organization\",\"name\":\"Xintex\",\"url\":\"https:\/\/xintex.mx\/\",\"logo\":{\"@type\":\"ImageObject\",\"inLanguage\":\"en-US\",\"@id\":\"https:\/\/xintex.mx\/#\/schema\/logo\/image\/\",\"url\":\"https:\/\/xintex.mx\/wp-content\/uploads\/2024\/11\/transaprent_logo02-e1730952660911.png\",\"contentUrl\":\"https:\/\/xintex.mx\/wp-content\/uploads\/2024\/11\/transaprent_logo02-e1730952660911.png\",\"width\":3361,\"height\":1840,\"caption\":\"Xintex\"},\"image\":{\"@id\":\"https:\/\/xintex.mx\/#\/schema\/logo\/image\/\"}}]}<\/script>\n<!-- \/ Yoast SEO plugin. -->","yoast_head_json":{"title":"TIPA - Xintex","robots":{"index":"index","follow":"follow","max-snippet":"max-snippet:-1","max-image-preview":"max-image-preview:large","max-video-preview":"max-video-preview:-1"},"canonical":"https:\/\/xintex.mx\/en\/product\/tipa\/","og_locale":"en_US","og_type":"article","og_title":"TIPA - Xintex","og_description":"&#8216;Triisopropanolamina&#8217;, un producto qu\u00edmico vers\u00e1til que se utiliza a menudo como ayuda para la molienda en la producci\u00f3n de cemento y como agente neutralizante en detergentes y surfactantes.","og_url":"https:\/\/xintex.mx\/en\/product\/tipa\/","og_site_name":"Xintex","article_modified_time":"2024-11-16T05:06:14+00:00","og_image":[{"width":155,"height":154,"url":"https:\/\/xintex.mx\/wp-content\/uploads\/2024\/11\/imgpsh_fullsize_anim-3-5.png","type":"image\/png"}],"twitter_card":"summary_large_image","schema":{"@context":"https:\/\/schema.org","@graph":[{"@type":"WebPage","@id":"https:\/\/xintex.mx\/product\/tipa\/","url":"https:\/\/xintex.mx\/product\/tipa\/","name":"TIPA - Xintex","isPartOf":{"@id":"https:\/\/xintex.mx\/#website"},"primaryImageOfPage":{"@id":"https:\/\/xintex.mx\/product\/tipa\/#primaryimage"},"image":{"@id":"https:\/\/xintex.mx\/product\/tipa\/#primaryimage"},"thumbnailUrl":"https:\/\/xintex.mx\/wp-content\/uploads\/2024\/11\/imgpsh_fullsize_anim-3-5.png","datePublished":"2024-11-16T04:19:21+00:00","dateModified":"2024-11-16T05:06:14+00:00","breadcrumb":{"@id":"https:\/\/xintex.mx\/product\/tipa\/#breadcrumb"},"inLanguage":"en-US","potentialAction":[{"@type":"ReadAction","target":["https:\/\/xintex.mx\/product\/tipa\/"]}]},{"@type":"ImageObject","inLanguage":"en-US","@id":"https:\/\/xintex.mx\/product\/tipa\/#primaryimage","url":"https:\/\/xintex.mx\/wp-content\/uploads\/2024\/11\/imgpsh_fullsize_anim-3-5.png","contentUrl":"https:\/\/xintex.mx\/wp-content\/uploads\/2024\/11\/imgpsh_fullsize_anim-3-5.png","width":155,"height":154},{"@type":"BreadcrumbList","@id":"https:\/\/xintex.mx\/product\/tipa\/#breadcrumb","itemListElement":[{"@type":"ListItem","position":1,"name":"Inicio","item":"https:\/\/xintex.mx\/"},{"@type":"ListItem","position":2,"name":"Shop","item":"https:\/\/xintex.mx\/shop\/"},{"@type":"ListItem","position":3,"name":"TIPA"}]},{"@type":"WebSite","@id":"https:\/\/xintex.mx\/#website","url":"https:\/\/xintex.mx\/","name":"Xintex","description":"","publisher":{"@id":"https:\/\/xintex.mx\/#organization"},"potentialAction":[{"@type":"SearchAction","target":{"@type":"EntryPoint","urlTemplate":"https:\/\/xintex.mx\/?s={search_term_string}"},"query-input":{"@type":"PropertyValueSpecification","valueRequired":true,"valueName":"search_term_string"}}],"inLanguage":"en-US"},{"@type":"Organization","@id":"https:\/\/xintex.mx\/#organization","name":"Xintex","url":"https:\/\/xintex.mx\/","logo":{"@type":"ImageObject","inLanguage":"en-US","@id":"https:\/\/xintex.mx\/#\/schema\/logo\/image\/","url":"https:\/\/xintex.mx\/wp-content\/uploads\/2024\/11\/transaprent_logo02-e1730952660911.png","contentUrl":"https:\/\/xintex.mx\/wp-content\/uploads\/2024\/11\/transaprent_logo02-e1730952660911.png","width":3361,"height":1840,"caption":"Xintex"},"image":{"@id":"https:\/\/xintex.mx\/#\/schema\/logo\/image\/"}}]}},"_links":{"self":[{"href":"https:\/\/xintex.mx\/en\/wp-json\/wp\/v2\/product\/972","targetHints":{"allow":["GET"]}}],"collection":[{"href":"https:\/\/xintex.mx\/en\/wp-json\/wp\/v2\/product"}],"about":[{"href":"https:\/\/xintex.mx\/en\/wp-json\/wp\/v2\/types\/product"}],"replies":[{"embeddable":true,"href":"https:\/\/xintex.mx\/en\/wp-json\/wp\/v2\/comments?post=972"}],"wp:featuredmedia":[{"embeddable":true,"href":"https:\/\/xintex.mx\/en\/wp-json\/wp\/v2\/media\/580"}],"wp:attachment":[{"href":"https:\/\/xintex.mx\/en\/wp-json\/wp\/v2\/media?parent=972"}],"wp:term":[{"taxonomy":"product_cat","embeddable":true,"href":"https:\/\/xintex.mx\/en\/wp-json\/wp\/v2\/product_cat?post=972"},{"taxonomy":"product_tag","embeddable":true,"href":"https:\/\/xintex.mx\/en\/wp-json\/wp\/v2\/product_tag?post=972"}],"curies":[{"name":"wp","href":"https:\/\/api.w.org\/{rel}","templated":true}]}}